{"id":462,"date":"2021-07-20T14:41:27","date_gmt":"2021-07-20T17:41:27","guid":{"rendered":"http:\/\/montajes2002.com\/mnweb\/?page_id=462"},"modified":"2021-07-20T15:13:29","modified_gmt":"2021-07-20T18:13:29","slug":"montaje-escalera-emergencia-tres-cruces","status":"publish","type":"page","link":"https:\/\/montajes2002.com\/mnweb\/montaje-escalera-emergencia-tres-cruces\/","title":{"rendered":"Montaje Escalera Emergencia Tres Cruces"},"content":{"rendered":"\t\t<div data-elementor-type=\"wp-page\" data-elementor-id=\"462\" class=\"elementor elementor-462\" data-elementor-post-type=\"page\">\n\t\t\t\t\t\t<section class=\"elementor-section elementor-top-section elementor-element elementor-element-f9abe5d elementor-section-boxed elementor-section-height-default elementor-section-height-default\" data-id=\"f9abe5d\" data-element_type=\"section\">\n\t\t\t\t\t\t<div class=\"elementor-container elementor-column-gap-default\">\n\t\t\t\t\t<div class=\"elementor-column elementor-col-50 elementor-top-column elementor-element elementor-element-e7b0a0f\" data-id=\"e7b0a0f\" data-element_type=\"column\">\n\t\t\t<div class=\"elementor-widget-wrap elementor-element-populated\">\n\t\t\t\t\t\t<div class=\"elementor-element elementor-element-814af1b elementor-widget elementor-widget-video\" data-id=\"814af1b\" data-element_type=\"widget\" data-settings=\"{&quot;youtube_url&quot;:&quot;https:\\\/\\\/youtu.be\\\/kZTyofTSiO4&quot;,&quot;video_type&quot;:&quot;youtube&quot;,&quot;controls&quot;:&quot;yes&quot;}\" data-widget_type=\"video.default\">\n\t\t\t\t<div class=\"elementor-widget-container\">\n\t\t\t\t\t\t\t<div class=\"elementor-wrapper elementor-open-inline\">\n\t\t\t<div class=\"elementor-video\"><\/div>\t\t<\/div>\n\t\t\t\t\t\t<\/div>\n\t\t\t\t<\/div>\n\t\t\t\t<div class=\"elementor-element elementor-element-76b7203 elementor-arrows-position-inside elementor-pagination-position-outside elementor-widget elementor-widget-image-carousel\" data-id=\"76b7203\" data-element_type=\"widget\" data-settings=\"{&quot;navigation&quot;:&quot;both&quot;,&quot;autoplay&quot;:&quot;yes&quot;,&quot;pause_on_hover&quot;:&quot;yes&quot;,&quot;pause_on_interaction&quot;:&quot;yes&quot;,&quot;autoplay_speed&quot;:5000,&quot;infinite&quot;:&quot;yes&quot;,&quot;speed&quot;:500}\" data-widget_type=\"image-carousel.default\">\n\t\t\t\t<div class=\"elementor-widget-container\">\n\t\t\t\t\t\t\t<div class=\"elementor-image-carousel-wrapper swiper\" role=\"region\" aria-roledescription=\"carousel\" aria-label=\"Carrusel de im\u00e1genes\" dir=\"ltr\">\n\t\t\t<div class=\"elementor-image-carousel swiper-wrapper\" aria-live=\"off\">\n\t\t\t\t\t\t\t\t<div class=\"swiper-slide\" role=\"group\" aria-roledescription=\"slide\" aria-label=\"1 de 44\"><figure class=\"swiper-slide-inner\"><img decoding=\"async\" class=\"swiper-slide-image\" src=\"https:\/\/montajes2002.com\/mnweb\/wp-content\/uploads\/2021\/07\/DSD3341-2-150x150.jpg\" alt=\"_DSD3341 (2)\" \/><\/figure><\/div><div class=\"swiper-slide\" role=\"group\" aria-roledescription=\"slide\" aria-label=\"2 de 44\"><figure class=\"swiper-slide-inner\"><img decoding=\"async\" class=\"swiper-slide-image\" src=\"https:\/\/montajes2002.com\/mnweb\/wp-content\/uploads\/2021\/07\/DSD3664-2-150x150.jpg\" alt=\"_DSD3664 (2)\" \/><\/figure><\/div><div class=\"swiper-slide\" role=\"group\" aria-roledescription=\"slide\" aria-label=\"3 de 44\"><figure class=\"swiper-slide-inner\"><img decoding=\"async\" class=\"swiper-slide-image\" src=\"https:\/\/montajes2002.com\/mnweb\/wp-content\/uploads\/2021\/07\/DSD3651-2-150x150.jpg\" alt=\"_DSD3651 (2)\" \/><\/figure><\/div><div class=\"swiper-slide\" role=\"group\" aria-roledescription=\"slide\" aria-label=\"4 de 44\"><figure class=\"swiper-slide-inner\"><img decoding=\"async\" class=\"swiper-slide-image\" src=\"https:\/\/montajes2002.com\/mnweb\/wp-content\/uploads\/2021\/07\/DSD3622-2-150x150.jpg\" alt=\"_DSD3622 (2)\" \/><\/figure><\/div><div class=\"swiper-slide\" role=\"group\" aria-roledescription=\"slide\" aria-label=\"5 de 44\"><figure class=\"swiper-slide-inner\"><img decoding=\"async\" class=\"swiper-slide-image\" src=\"https:\/\/montajes2002.com\/mnweb\/wp-content\/uploads\/2021\/07\/DSD3618-2-150x150.jpg\" alt=\"_DSD3618 (2)\" \/><\/figure><\/div><div class=\"swiper-slide\" role=\"group\" aria-roledescription=\"slide\" aria-label=\"6 de 44\"><figure class=\"swiper-slide-inner\"><img decoding=\"async\" class=\"swiper-slide-image\" src=\"https:\/\/montajes2002.com\/mnweb\/wp-content\/uploads\/2021\/07\/DSD3612-2-150x150.jpg\" alt=\"_DSD3612 (2)\" \/><\/figure><\/div><div class=\"swiper-slide\" role=\"group\" aria-roledescription=\"slide\" aria-label=\"7 de 44\"><figure class=\"swiper-slide-inner\"><img decoding=\"async\" class=\"swiper-slide-image\" src=\"https:\/\/montajes2002.com\/mnweb\/wp-content\/uploads\/2021\/07\/DSD3609-2-150x150.jpg\" alt=\"_DSD3609 (2)\" \/><\/figure><\/div><div class=\"swiper-slide\" role=\"group\" aria-roledescription=\"slide\" aria-label=\"8 de 44\"><figure class=\"swiper-slide-inner\"><img decoding=\"async\" class=\"swiper-slide-image\" src=\"https:\/\/montajes2002.com\/mnweb\/wp-content\/uploads\/2021\/07\/DSD3600-2-150x150.jpg\" alt=\"_DSD3600 (2)\" \/><\/figure><\/div><div class=\"swiper-slide\" role=\"group\" aria-roledescription=\"slide\" aria-label=\"9 de 44\"><figure class=\"swiper-slide-inner\"><img decoding=\"async\" class=\"swiper-slide-image\" src=\"https:\/\/montajes2002.com\/mnweb\/wp-content\/uploads\/2021\/07\/DSD3596-2-150x150.jpg\" alt=\"_DSD3596 (2)\" \/><\/figure><\/div><div class=\"swiper-slide\" role=\"group\" aria-roledescription=\"slide\" aria-label=\"10 de 44\"><figure class=\"swiper-slide-inner\"><img decoding=\"async\" class=\"swiper-slide-image\" src=\"https:\/\/montajes2002.com\/mnweb\/wp-content\/uploads\/2021\/07\/DSD3593-2-150x150.jpg\" alt=\"_DSD3593 (2)\" \/><\/figure><\/div><div class=\"swiper-slide\" role=\"group\" aria-roledescription=\"slide\" aria-label=\"11 de 44\"><figure class=\"swiper-slide-inner\"><img decoding=\"async\" class=\"swiper-slide-image\" src=\"https:\/\/montajes2002.com\/mnweb\/wp-content\/uploads\/2021\/07\/DSD3590-2-150x150.jpg\" alt=\"_DSD3590 (2)\" \/><\/figure><\/div><div class=\"swiper-slide\" role=\"group\" aria-roledescription=\"slide\" aria-label=\"12 de 44\"><figure class=\"swiper-slide-inner\"><img decoding=\"async\" class=\"swiper-slide-image\" src=\"https:\/\/montajes2002.com\/mnweb\/wp-content\/uploads\/2021\/07\/DSD3587-2-150x150.jpg\" alt=\"_DSD3587 (2)\" \/><\/figure><\/div><div class=\"swiper-slide\" role=\"group\" aria-roledescription=\"slide\" aria-label=\"13 de 44\"><figure class=\"swiper-slide-inner\"><img decoding=\"async\" class=\"swiper-slide-image\" src=\"https:\/\/montajes2002.com\/mnweb\/wp-content\/uploads\/2021\/07\/DSD3584-2-150x150.jpg\" alt=\"_DSD3584 (2)\" \/><\/figure><\/div><div class=\"swiper-slide\" role=\"group\" aria-roledescription=\"slide\" aria-label=\"14 de 44\"><figure class=\"swiper-slide-inner\"><img decoding=\"async\" class=\"swiper-slide-image\" src=\"https:\/\/montajes2002.com\/mnweb\/wp-content\/uploads\/2021\/07\/DSD3582-2-150x150.jpg\" alt=\"_DSD3582 (2)\" \/><\/figure><\/div><div class=\"swiper-slide\" role=\"group\" aria-roledescription=\"slide\" aria-label=\"15 de 44\"><figure class=\"swiper-slide-inner\"><img decoding=\"async\" class=\"swiper-slide-image\" src=\"https:\/\/montajes2002.com\/mnweb\/wp-content\/uploads\/2021\/07\/DSD3577-2-150x150.jpg\" alt=\"_DSD3577 (2)\" \/><\/figure><\/div><div class=\"swiper-slide\" role=\"group\" aria-roledescription=\"slide\" aria-label=\"16 de 44\"><figure class=\"swiper-slide-inner\"><img decoding=\"async\" class=\"swiper-slide-image\" src=\"https:\/\/montajes2002.com\/mnweb\/wp-content\/uploads\/2021\/07\/DSD3574-2-150x150.jpg\" alt=\"_DSD3574 (2)\" \/><\/figure><\/div><div class=\"swiper-slide\" role=\"group\" aria-roledescription=\"slide\" aria-label=\"17 de 44\"><figure class=\"swiper-slide-inner\"><img decoding=\"async\" class=\"swiper-slide-image\" src=\"https:\/\/montajes2002.com\/mnweb\/wp-content\/uploads\/2021\/07\/DSD3571-2-150x150.jpg\" alt=\"_DSD3571 (2)\" \/><\/figure><\/div><div class=\"swiper-slide\" role=\"group\" aria-roledescription=\"slide\" aria-label=\"18 de 44\"><figure class=\"swiper-slide-inner\"><img decoding=\"async\" class=\"swiper-slide-image\" src=\"https:\/\/montajes2002.com\/mnweb\/wp-content\/uploads\/2021\/07\/DSD3569-2-150x150.jpg\" alt=\"_DSD3569 (2)\" \/><\/figure><\/div><div class=\"swiper-slide\" role=\"group\" aria-roledescription=\"slide\" aria-label=\"19 de 44\"><figure class=\"swiper-slide-inner\"><img decoding=\"async\" class=\"swiper-slide-image\" src=\"https:\/\/montajes2002.com\/mnweb\/wp-content\/uploads\/2021\/07\/DSD3562-2-150x150.jpg\" alt=\"Escalera emergencia Terminal Shopping Tres Cruces\" \/><\/figure><\/div><div class=\"swiper-slide\" role=\"group\" aria-roledescription=\"slide\" aria-label=\"20 de 44\"><figure class=\"swiper-slide-inner\"><img decoding=\"async\" class=\"swiper-slide-image\" src=\"https:\/\/montajes2002.com\/mnweb\/wp-content\/uploads\/2021\/07\/DSD3558-2-150x150.jpg\" alt=\"_DSD3558 (2)\" \/><\/figure><\/div><div class=\"swiper-slide\" role=\"group\" aria-roledescription=\"slide\" aria-label=\"21 de 44\"><figure class=\"swiper-slide-inner\"><img decoding=\"async\" class=\"swiper-slide-image\" src=\"https:\/\/montajes2002.com\/mnweb\/wp-content\/uploads\/2021\/07\/DSD3547-2-150x150.jpg\" alt=\"_DSD3547 (2)\" \/><\/figure><\/div><div class=\"swiper-slide\" role=\"group\" aria-roledescription=\"slide\" aria-label=\"22 de 44\"><figure class=\"swiper-slide-inner\"><img decoding=\"async\" class=\"swiper-slide-image\" src=\"https:\/\/montajes2002.com\/mnweb\/wp-content\/uploads\/2021\/07\/DSD3541-2-150x150.jpg\" alt=\"_DSD3541 (2)\" \/><\/figure><\/div><div class=\"swiper-slide\" role=\"group\" aria-roledescription=\"slide\" aria-label=\"23 de 44\"><figure class=\"swiper-slide-inner\"><img decoding=\"async\" class=\"swiper-slide-image\" src=\"https:\/\/montajes2002.com\/mnweb\/wp-content\/uploads\/2021\/07\/DSD3536-2-150x150.jpg\" alt=\"_DSD3536 (2)\" \/><\/figure><\/div><div class=\"swiper-slide\" role=\"group\" aria-roledescription=\"slide\" aria-label=\"24 de 44\"><figure class=\"swiper-slide-inner\"><img decoding=\"async\" class=\"swiper-slide-image\" src=\"https:\/\/montajes2002.com\/mnweb\/wp-content\/uploads\/2021\/07\/DSD3519-2-150x150.jpg\" alt=\"_DSD3519 (2)\" \/><\/figure><\/div><div class=\"swiper-slide\" role=\"group\" aria-roledescription=\"slide\" aria-label=\"25 de 44\"><figure class=\"swiper-slide-inner\"><img decoding=\"async\" class=\"swiper-slide-image\" src=\"https:\/\/montajes2002.com\/mnweb\/wp-content\/uploads\/2021\/07\/DSD3515-2-150x150.jpg\" alt=\"_DSD3515 (2)\" \/><\/figure><\/div><div class=\"swiper-slide\" role=\"group\" aria-roledescription=\"slide\" aria-label=\"26 de 44\"><figure class=\"swiper-slide-inner\"><img decoding=\"async\" class=\"swiper-slide-image\" src=\"https:\/\/montajes2002.com\/mnweb\/wp-content\/uploads\/2021\/07\/DSD3508-2-150x150.jpg\" alt=\"_DSD3508 (2)\" \/><\/figure><\/div><div class=\"swiper-slide\" role=\"group\" aria-roledescription=\"slide\" aria-label=\"27 de 44\"><figure class=\"swiper-slide-inner\"><img decoding=\"async\" class=\"swiper-slide-image\" src=\"https:\/\/montajes2002.com\/mnweb\/wp-content\/uploads\/2021\/07\/DSD3479-2-150x150.jpg\" alt=\"_DSD3479 (2)\" \/><\/figure><\/div><div class=\"swiper-slide\" role=\"group\" aria-roledescription=\"slide\" aria-label=\"28 de 44\"><figure class=\"swiper-slide-inner\"><img decoding=\"async\" class=\"swiper-slide-image\" src=\"https:\/\/montajes2002.com\/mnweb\/wp-content\/uploads\/2021\/07\/DSD3475-2-150x150.jpg\" alt=\"_DSD3475 (2)\" \/><\/figure><\/div><div class=\"swiper-slide\" role=\"group\" aria-roledescription=\"slide\" aria-label=\"29 de 44\"><figure class=\"swiper-slide-inner\"><img decoding=\"async\" class=\"swiper-slide-image\" src=\"https:\/\/montajes2002.com\/mnweb\/wp-content\/uploads\/2021\/07\/DSD3447-2-150x150.jpg\" alt=\"_DSD3447 (2)\" \/><\/figure><\/div><div class=\"swiper-slide\" role=\"group\" aria-roledescription=\"slide\" aria-label=\"30 de 44\"><figure class=\"swiper-slide-inner\"><img decoding=\"async\" class=\"swiper-slide-image\" src=\"https:\/\/montajes2002.com\/mnweb\/wp-content\/uploads\/2021\/07\/DSD3442-2-150x150.jpg\" alt=\"_DSD3442 (2)\" \/><\/figure><\/div><div class=\"swiper-slide\" role=\"group\" aria-roledescription=\"slide\" aria-label=\"31 de 44\"><figure class=\"swiper-slide-inner\"><img decoding=\"async\" class=\"swiper-slide-image\" src=\"https:\/\/montajes2002.com\/mnweb\/wp-content\/uploads\/2021\/07\/DSD3440-2-150x150.jpg\" alt=\"_DSD3440 (2)\" \/><\/figure><\/div><div class=\"swiper-slide\" role=\"group\" aria-roledescription=\"slide\" aria-label=\"32 de 44\"><figure class=\"swiper-slide-inner\"><img decoding=\"async\" class=\"swiper-slide-image\" src=\"https:\/\/montajes2002.com\/mnweb\/wp-content\/uploads\/2021\/07\/DSD3421-2-150x150.jpg\" alt=\"_DSD3421 (2)\" \/><\/figure><\/div><div class=\"swiper-slide\" role=\"group\" aria-roledescription=\"slide\" aria-label=\"33 de 44\"><figure class=\"swiper-slide-inner\"><img decoding=\"async\" class=\"swiper-slide-image\" src=\"https:\/\/montajes2002.com\/mnweb\/wp-content\/uploads\/2021\/07\/DSD3419-2-150x150.jpg\" alt=\"_DSD3419 (2)\" \/><\/figure><\/div><div class=\"swiper-slide\" role=\"group\" aria-roledescription=\"slide\" aria-label=\"34 de 44\"><figure class=\"swiper-slide-inner\"><img decoding=\"async\" class=\"swiper-slide-image\" src=\"https:\/\/montajes2002.com\/mnweb\/wp-content\/uploads\/2021\/07\/DSD3413-2-150x150.jpg\" alt=\"_DSD3413 (2)\" \/><\/figure><\/div><div class=\"swiper-slide\" role=\"group\" aria-roledescription=\"slide\" aria-label=\"35 de 44\"><figure class=\"swiper-slide-inner\"><img decoding=\"async\" class=\"swiper-slide-image\" src=\"https:\/\/montajes2002.com\/mnweb\/wp-content\/uploads\/2021\/07\/DSD3407-2-150x150.jpg\" alt=\"_DSD3407 (2)\" \/><\/figure><\/div><div class=\"swiper-slide\" role=\"group\" aria-roledescription=\"slide\" aria-label=\"36 de 44\"><figure class=\"swiper-slide-inner\"><img decoding=\"async\" class=\"swiper-slide-image\" src=\"https:\/\/montajes2002.com\/mnweb\/wp-content\/uploads\/2021\/07\/DSD3403-2-150x150.jpg\" alt=\"_DSD3403 (2)\" \/><\/figure><\/div><div class=\"swiper-slide\" role=\"group\" aria-roledescription=\"slide\" aria-label=\"37 de 44\"><figure class=\"swiper-slide-inner\"><img decoding=\"async\" class=\"swiper-slide-image\" src=\"https:\/\/montajes2002.com\/mnweb\/wp-content\/uploads\/2021\/07\/DSD3392-2-150x150.jpg\" alt=\"_DSD3392 (2)\" \/><\/figure><\/div><div class=\"swiper-slide\" role=\"group\" aria-roledescription=\"slide\" aria-label=\"38 de 44\"><figure class=\"swiper-slide-inner\"><img decoding=\"async\" class=\"swiper-slide-image\" src=\"https:\/\/montajes2002.com\/mnweb\/wp-content\/uploads\/2021\/07\/DSD3382-2-150x150.jpg\" alt=\"_DSD3382 (2)\" \/><\/figure><\/div><div class=\"swiper-slide\" role=\"group\" aria-roledescription=\"slide\" aria-label=\"39 de 44\"><figure class=\"swiper-slide-inner\"><img decoding=\"async\" class=\"swiper-slide-image\" src=\"https:\/\/montajes2002.com\/mnweb\/wp-content\/uploads\/2021\/07\/DSD3376-2-150x150.jpg\" alt=\"_DSD3376 (2)\" \/><\/figure><\/div><div class=\"swiper-slide\" role=\"group\" aria-roledescription=\"slide\" aria-label=\"40 de 44\"><figure class=\"swiper-slide-inner\"><img decoding=\"async\" class=\"swiper-slide-image\" src=\"https:\/\/montajes2002.com\/mnweb\/wp-content\/uploads\/2021\/07\/DSD3372-2-150x150.jpg\" alt=\"_DSD3372 (2)\" \/><\/figure><\/div><div class=\"swiper-slide\" role=\"group\" aria-roledescription=\"slide\" aria-label=\"41 de 44\"><figure class=\"swiper-slide-inner\"><img decoding=\"async\" class=\"swiper-slide-image\" src=\"https:\/\/montajes2002.com\/mnweb\/wp-content\/uploads\/2021\/07\/DSD3366-2-150x150.jpg\" alt=\"_DSD3366 (2)\" \/><\/figure><\/div><div class=\"swiper-slide\" role=\"group\" aria-roledescription=\"slide\" aria-label=\"42 de 44\"><figure class=\"swiper-slide-inner\"><img decoding=\"async\" class=\"swiper-slide-image\" src=\"https:\/\/montajes2002.com\/mnweb\/wp-content\/uploads\/2021\/07\/DSD3356-2-150x150.jpg\" alt=\"_DSD3356 (2)\" \/><\/figure><\/div><div class=\"swiper-slide\" role=\"group\" aria-roledescription=\"slide\" aria-label=\"43 de 44\"><figure class=\"swiper-slide-inner\"><img decoding=\"async\" class=\"swiper-slide-image\" src=\"https:\/\/montajes2002.com\/mnweb\/wp-content\/uploads\/2021\/07\/DSD3346-2-150x150.jpg\" alt=\"_DSD3346 (2)\" \/><\/figure><\/div><div class=\"swiper-slide\" role=\"group\" aria-roledescription=\"slide\" aria-label=\"44 de 44\"><figure class=\"swiper-slide-inner\"><img decoding=\"async\" class=\"swiper-slide-image\" src=\"https:\/\/montajes2002.com\/mnweb\/wp-content\/uploads\/2021\/07\/DSD3343-2-150x150.jpg\" alt=\"_DSD3343 (2)\" \/><\/figure><\/div>\t\t\t<\/div>\n\t\t\t\t\t\t\t\t\t\t\t\t<div class=\"elementor-swiper-button elementor-swiper-button-prev\" role=\"button\" tabindex=\"0\">\n\t\t\t\t\t\t<i aria-hidden=\"true\" class=\"eicon-chevron-left\"><\/i>\t\t\t\t\t<\/div>\n\t\t\t\t\t<div class=\"elementor-swiper-button elementor-swiper-button-next\" role=\"button\" tabindex=\"0\">\n\t\t\t\t\t\t<i aria-hidden=\"true\" class=\"eicon-chevron-right\"><\/i>\t\t\t\t\t<\/div>\n\t\t\t\t\n\t\t\t\t\t\t\t\t\t<div class=\"swiper-pagination\"><\/div>\n\t\t\t\t\t\t\t\t\t<\/div>\n\t\t\t\t\t\t<\/div>\n\t\t\t\t<\/div>\n\t\t\t\t\t<\/div>\n\t\t<\/div>\n\t\t\t\t<div class=\"elementor-column elementor-col-50 elementor-top-column elementor-element elementor-element-bab33f4\" data-id=\"bab33f4\" data-element_type=\"column\">\n\t\t\t<div class=\"elementor-widget-wrap elementor-element-populated\">\n\t\t\t\t\t\t<div class=\"elementor-element elementor-element-454933b elementor-widget elementor-widget-text-editor\" data-id=\"454933b\" data-element_type=\"widget\" data-widget_type=\"text-editor.default\">\n\t\t\t\t<div class=\"elementor-widget-container\">\n\t\t\t\t\t\t\t\t\t<p>Fabricaci\u00f3n y montaje de una nueva escalera de emergencia en Shopping Terminal Tres Cruces.<\/p><p>Estructura 100% abulonado.<br \/>Dise\u00f1o propio desarrollo y resoluci\u00f3n de nudos.<br \/>Tratamiento de y superficie galvanizado en caliente, granallado y epoxi.<\/p><p>En Metal\u00fargica Montajes N\u00fa\u00f1ez cumplimos con los proyectos de ingenier\u00eda, interpretando adecuadamente los planos, organizando la preparaci\u00f3n de los materiales y aplicando las normas de construcci\u00f3n y montaje, as\u00ed como tambi\u00e9n las de seguridad y control ambiental.<\/p><p>Nuestros personal est\u00e1 capacitado para seleccionar correctamente los par\u00e1metros de los procesos de fabricaci\u00f3n, organizar el proceso de construcci\u00f3n de estructuras, liderar grupos de trabajo en el cumplimiento de objetivos, respetar el medio ambiente y seguir normas de seguridad, desarrollar procedimientos de calidad en las construcciones met\u00e1licas.<\/p>\t\t\t\t\t\t\t\t<\/div>\n\t\t\t\t<\/div>\n\t\t\t\t\t<\/div>\n\t\t<\/div>\n\t\t\t\t\t<\/div>\n\t\t<\/section>\n\t\t\t\t<\/div>\n\t\t","protected":false},"excerpt":{"rendered":"<p>Anterior Siguiente Fabricaci\u00f3n y montaje de una nueva escalera de emergencia en Shopping Terminal Tres Cruces. Estructura 100% abulonado.Dise\u00f1o propio desarrollo y resoluci\u00f3n de nudos.Tratamiento de y superficie galvanizado en caliente, granallado y epoxi. En Metal\u00fargica Montajes N\u00fa\u00f1ez cumplimos con los proyectos de ingenier\u00eda, interpretando adecuadamente los planos, organizando la preparaci\u00f3n de los materiales y [&hellip;]<\/p>\n","protected":false},"author":1,"featured_media":0,"parent":0,"menu_order":0,"comment_status":"closed","ping_status":"closed","template":"","meta":{"_acf_changed":false,"_monsterinsights_skip_tracking":false,"_monsterinsights_sitenote_active":false,"_monsterinsights_sitenote_note":"","_monsterinsights_sitenote_category":0,"footnotes":""},"class_list":["post-462","page","type-page","status-publish","hentry"],"acf":[],"_links":{"self":[{"href":"https:\/\/montajes2002.com\/mnweb\/wp-json\/wp\/v2\/pages\/462","targetHints":{"allow":["GET"]}}],"collection":[{"href":"https:\/\/montajes2002.com\/mnweb\/wp-json\/wp\/v2\/pages"}],"about":[{"href":"https:\/\/montajes2002.com\/mnweb\/wp-json\/wp\/v2\/types\/page"}],"author":[{"embeddable":true,"href":"https:\/\/montajes2002.com\/mnweb\/wp-json\/wp\/v2\/users\/1"}],"replies":[{"embeddable":true,"href":"https:\/\/montajes2002.com\/mnweb\/wp-json\/wp\/v2\/comments?post=462"}],"version-history":[{"count":7,"href":"https:\/\/montajes2002.com\/mnweb\/wp-json\/wp\/v2\/pages\/462\/revisions"}],"predecessor-version":[{"id":520,"href":"https:\/\/montajes2002.com\/mnweb\/wp-json\/wp\/v2\/pages\/462\/revisions\/520"}],"wp:attachment":[{"href":"https:\/\/montajes2002.com\/mnweb\/wp-json\/wp\/v2\/media?parent=462"}],"curies":[{"name":"wp","href":"https:\/\/api.w.org\/{rel}","templated":true}]}}